{"id":2,"date":"2026-04-06T15:47:46","date_gmt":"2026-04-06T15:47:46","guid":{"rendered":"https:\/\/nebra-geschichte-erleben.de\/?page_id=2"},"modified":"2026-04-15T17:27:58","modified_gmt":"2026-04-15T17:27:58","slug":"sample-page","status":"publish","type":"page","link":"https:\/\/www.nebra-geschichte-erleben.de\/?page_id=2","title":{"rendered":""},"content":{"rendered":"\n<h2 class=\"wp-block-heading has-text-align-center\">Heimathaus Nebra\/ Unstrut<\/h2>\n\n\n\n<p class=\"has-text-align-center\"> <img loading=\"lazy\" decoding=\"async\" width=\"150\" height=\"101\" class=\"wp-image-13\" style=\"width: 150px;\" src=\"https:\/\/www.nebra-geschichte-erleben.de\/wp-content\/uploads\/2026\/04\/20251230_145942-scaled.jpg\" alt=\"\" srcset=\"https:\/\/www.nebra-geschichte-erleben.de\/wp-content\/uploads\/2026\/04\/20251230_145942-scaled.jpg 2560w, https:\/\/www.nebra-geschichte-erleben.de\/wp-content\/uploads\/2026\/04\/20251230_145942-300x201.jpg 300w, https:\/\/www.nebra-geschichte-erleben.de\/wp-content\/uploads\/2026\/04\/20251230_145942-1024x686.jpg 1024w, https:\/\/www.nebra-geschichte-erleben.de\/wp-content\/uploads\/2026\/04\/20251230_145942-768x515.jpg 768w, https:\/\/www.nebra-geschichte-erleben.de\/wp-content\/uploads\/2026\/04\/20251230_145942-1536x1030.jpg 1536w, https:\/\/www.nebra-geschichte-erleben.de\/wp-content\/uploads\/2026\/04\/20251230_145942-2048x1373.jpg 2048w\" sizes=\"auto, (max-width: 150px) 100vw, 150px\" \/>  <\/p>\n\n\n\n<p class=\"has-text-align-center\">Das Heimathaus Nebra\/Unstrut ist mehr als eine Sammlung alter Gegenst\u00e4nde. Hier wird nicht nur aufbewahrt &#8211; es wird Geschichte am Leben gehalten, die wir weiter erz\u00e4hlen m\u00fcssen. Wir laden Sie ein auf eine Zeitreise. Entdecken Sie Sch\u00e4tze unserer Vorfahren, kuriosen Alltagskram und die Meilensteine, die unsere Stadt zu dem gemacht haben, was sie heute ist.<\/p>\n\n\n\n<div class=\"wp-block-buttons is-content-justification-center is-layout-flex wp-container-core-buttons-is-layout-16018d1d wp-block-buttons-is-layout-flex\">\n<div class=\"wp-block-button is-style-outline is-style-outline--1\"><a class=\"wp-block-button__link has-text-align-center wp-element-button\">Mehr &#8230;<\/a><\/div>\n<\/div>\n\n\n\n<h3 class=\"wp-block-heading has-text-align-center has-x-large-font-size\">Hedwig-Courths-Mahler-Archiv<\/h3>\n\n\n\n<p class=\"has-text-align-center\"> <img loading=\"lazy\" decoding=\"async\" width=\"150\" height=\"200\" class=\"wp-image-18\" style=\"width: 150px;\" src=\"https:\/\/www.nebra-geschichte-erleben.de\/wp-content\/uploads\/2026\/04\/HCM__Bild-scaled.jpg\" alt=\"\" srcset=\"https:\/\/www.nebra-geschichte-erleben.de\/wp-content\/uploads\/2026\/04\/HCM__Bild-scaled.jpg 1920w, https:\/\/www.nebra-geschichte-erleben.de\/wp-content\/uploads\/2026\/04\/HCM__Bild-225x300.jpg 225w, https:\/\/www.nebra-geschichte-erleben.de\/wp-content\/uploads\/2026\/04\/HCM__Bild-768x1024.jpg 768w, https:\/\/www.nebra-geschichte-erleben.de\/wp-content\/uploads\/2026\/04\/HCM__Bild-1152x1536.jpg 1152w, https:\/\/www.nebra-geschichte-erleben.de\/wp-content\/uploads\/2026\/04\/HCM__Bild-1536x2048.jpg 1536w\" sizes=\"auto, (max-width: 150px) 100vw, 150px\" \/> <\/p>\n\n\n\n<div class=\"wp-block-buttons is-content-justification-center is-layout-flex wp-container-core-buttons-is-layout-16018d1d wp-block-buttons-is-layout-flex\">\n<div class=\"wp-block-button is-style-outline is-style-outline--2\"><a class=\"wp-block-button__link wp-element-button\">Mehr &#8230;<\/a><\/div>\n<\/div>\n\n\n\n<blockquote class=\"wp-block-quote is-layout-flow wp-block-quote-is-layout-flow\">\n<p class=\"has-text-align-center\"><img loading=\"lazy\" decoding=\"async\" width=\"150\" height=\"230\" class=\"wp-image-19\" style=\"width: 150px;\" src=\"https:\/\/www.nebra-geschichte-erleben.de\/wp-content\/uploads\/2026\/04\/Screenshot_20260126_214821_Photos.jpg\" alt=\"Schlossruine\" srcset=\"https:\/\/www.nebra-geschichte-erleben.de\/wp-content\/uploads\/2026\/04\/Screenshot_20260126_214821_Photos.jpg 1439w, https:\/\/www.nebra-geschichte-erleben.de\/wp-content\/uploads\/2026\/04\/Screenshot_20260126_214821_Photos-196x300.jpg 196w, https:\/\/www.nebra-geschichte-erleben.de\/wp-content\/uploads\/2026\/04\/Screenshot_20260126_214821_Photos-669x1024.jpg 669w, https:\/\/www.nebra-geschichte-erleben.de\/wp-content\/uploads\/2026\/04\/Screenshot_20260126_214821_Photos-768x1176.jpg 768w, https:\/\/www.nebra-geschichte-erleben.de\/wp-content\/uploads\/2026\/04\/Screenshot_20260126_214821_Photos-1003x1536.jpg 1003w, https:\/\/www.nebra-geschichte-erleben.de\/wp-content\/uploads\/2026\/04\/Screenshot_20260126_214821_Photos-1338x2048.jpg 1338w\" sizes=\"auto, (max-width: 150px) 100vw, 150px\" \/><\/p>\n\n\n\n<p class=\"has-text-align-center\">F\u00fchrungen und Angebote<\/p>\n\n\n\n<ul class=\"wp-block-list\">\n<li>Stadtf\u00fchrungen<\/li>\n\n\n\n<li>F\u00fchrungen im Heimathaus<\/li>\n\n\n\n<li>F\u00fchrungen im Hedwig-Courths-Mahler-Archiv<\/li>\n\n\n\n<li>Besuch der Modelleisenbahn<\/li>\n\n\n\n<li>Kombinierte F\u00fchrungen <\/li>\n\n\n\n<li>Besuch der Arche Nebra mit F\u00fchrung<\/li>\n\n\n\n<li>Weinverkostung mit regionalen Weinen <\/li>\n\n\n\n<li>Souveniers<\/li>\n\n\n\n<li>Besuch der Kirche in Nebra<\/li>\n<\/ul>\n\n\n\n<div class=\"wp-block-buttons is-layout-flex wp-block-buttons-is-layout-flex\">\n<div class=\"wp-block-button is-style-outline is-style-outline--3\"><a class=\"wp-block-button__link wp-element-button\">Anfrage &#8230;<\/a><\/div>\n<\/div>\n<\/blockquote>\n\n\n\n<p><\/p>\n","protected":false},"excerpt":{"rendered":"<p>Heimathaus Nebra\/ Unstrut Das Heimathaus Nebra\/Unstrut ist mehr als eine Sammlung alter Gegenst\u00e4nde. Hier wird nicht nur aufbewahrt &#8211; es wird Geschichte am Leben gehalten, die wir weiter erz\u00e4hlen m\u00fcssen. [&hellip;]<\/p>\n","protected":false},"author":1,"featured_media":9,"parent":0,"menu_order":0,"comment_status":"closed","ping_status":"closed","template":"","meta":{"footnotes":""},"class_list":["post-2","page","type-page","status-publish","has-post-thumbnail","hentry"],"_links":{"self":[{"href":"https:\/\/www.nebra-geschichte-erleben.de\/index.php?rest_route=\/wp\/v2\/pages\/2","targetHints":{"allow":["GET"]}}],"collection":[{"href":"https:\/\/www.nebra-geschichte-erleben.de\/index.php?rest_route=\/wp\/v2\/pages"}],"about":[{"href":"https:\/\/www.nebra-geschichte-erleben.de\/index.php?rest_route=\/wp\/v2\/types\/page"}],"author":[{"embeddable":true,"href":"https:\/\/www.nebra-geschichte-erleben.de\/index.php?rest_route=\/wp\/v2\/users\/1"}],"replies":[{"embeddable":true,"href":"https:\/\/www.nebra-geschichte-erleben.de\/index.php?rest_route=%2Fwp%2Fv2%2Fcomments&post=2"}],"version-history":[{"count":6,"href":"https:\/\/www.nebra-geschichte-erleben.de\/index.php?rest_route=\/wp\/v2\/pages\/2\/revisions"}],"predecessor-version":[{"id":46,"href":"https:\/\/www.nebra-geschichte-erleben.de\/index.php?rest_route=\/wp\/v2\/pages\/2\/revisions\/46"}],"wp:featuredmedia":[{"embeddable":true,"href":"https:\/\/www.nebra-geschichte-erleben.de\/index.php?rest_route=\/wp\/v2\/media\/9"}],"wp:attachment":[{"href":"https:\/\/www.nebra-geschichte-erleben.de\/index.php?rest_route=%2Fwp%2Fv2%2Fmedia&parent=2"}],"curies":[{"name":"wp","href":"https:\/\/api.w.org\/{rel}","templated":true}]}}